{"id":3601,"date":"2018-02-14T08:18:38","date_gmt":"2018-02-14T05:18:38","guid":{"rendered":"http:\/\/www.nuhyapi.com.tr\/isiyalitimplagitermokup\/"},"modified":"2023-04-25T10:15:50","modified_gmt":"2023-04-25T07:15:50","slug":"isiyalitimplagitermokup","status":"publish","type":"page","link":"https:\/\/www.nuhyapi.com.tr\/en\/isiyalitimplagitermokup\/","title":{"rendered":"THERMAL INSULATION PLATE (TERMOKUP)"},"content":{"rendered":"<p>[vc_row][vc_column][vc_row_inner][vc_column_inner][vc_column_text]<strong>Application Areas<\/strong><\/p>\n<hr \/>\n<p>Termokup is used for insulation of external and internal walls, insulation of concrete surfaces, insulation of garage ceilings, basement and inter-roof insulation.[\/vc_column_text][\/vc_column_inner][\/vc_row_inner][vc_row_inner css=&#8221;.vc_custom_1518177899567{background-image: url(http:\/\/www.nuhyapi.com.tr\/wp-content\/uploads\/9998.jpg?id=3438) !important;background-position: center !important;background-repeat: no-repeat !important;background-size: cover !important;}&#8221;][vc_column_inner width=&#8221;1\/2&#8243;][vc_column_text]<div class=\"supsystic-table-loader spinner\"style=\"background-color:#000000\"><\/div><div id=\"supsystic-table-102_67297\" class=\"supsystic-tables-wrap \" style=\" width:100%; visibility: hidden; \" data-table-width-fixed=\"100%\" ><table id=\"supsystic-table-102\" class=\"supsystic-table border lightboxImg cell-border\" data-id=\"102\" data-view-id=\"102_67297\" data-title=\"Gazbeton - Is\u0131 Yal\u0131t\u0131m Pla\u011f\u0131_EN\" data-currency-format=\"$1,000.00\" data-percent-format=\"10.00%\" data-date-format=\"DD.MM.YYYY\" data-time-format=\"HH:mm\" data-features=\"[&quot;after_table_loaded_script&quot;]\" data-search-value=\"\" data-lightbox-img=\"\" data-head-rows-count=\"1\" data-pagination-length=\"50,100,All\" data-auto-index=\"off\" data-searching-settings=\"{&quot;minChars&quot;:&quot;0&quot;}\" data-lang=\"default\" data-override=\"{&quot;emptyTable&quot;:&quot;&quot;,&quot;info&quot;:&quot;&quot;,&quot;infoEmpty&quot;:&quot;&quot;,&quot;infoFiltered&quot;:&quot;&quot;,&quot;lengthMenu&quot;:&quot;&quot;,&quot;search&quot;:&quot;&quot;,&quot;zeroRecords&quot;:&quot;&quot;,&quot;exportLabel&quot;:&quot;&quot;,&quot;file&quot;:&quot;default&quot;}\" data-merged=\"[]\" data-responsive-mode=\"0\" data-from-history=\"0\" ><thead><tr><th class=\"\" style=\"width:; padding: 0 !important;\"><\/th><th class=\"\" style=\"width:; padding: 0 !important;\"><\/th><\/tr><\/thead><tbody><tr style=\"height:px\" ><td data-cell-id=\"A1\" data-x=\"0\" data-y=\"1\" data-db-index=\"1\" class=\"htLeft\" data-cell-type=\"text\" data-original-value=\"\" data-order=\"\" style=\"min-width:48.5133%; \" ><\/td><td data-cell-id=\"B1\" data-x=\"1\" data-y=\"1\" data-db-index=\"1\" class=\"bold color-59b5ce htCenter\" data-cell-type=\"text\" data-original-value=\"PRODUCT DIMENSIONS ( mm )\" data-order=\"PRODUCT DIMENSIONS ( mm )\" style=\"min-width:51.4867%; \" >PRODUCT DIMENSIONS ( mm ) <\/td><\/tr><tr style=\"height:px\" ><td data-cell-id=\"A2\" data-x=\"0\" data-y=\"2\" data-db-index=\"2\" class=\"bold color-59b5ce htLeft\" data-cell-type=\"text\" data-original-value=\"WALL THICKNESSES\" data-order=\"WALL THICKNESSES\" >WALL THICKNESSES <\/td><td data-cell-id=\"B2\" data-x=\"1\" data-y=\"2\" data-db-index=\"2\" class=\"htCenter\" data-cell-type=\"text\" data-cell-format-type=\"number\" data-original-value=\"50 | 60 | 75 | 100\" data-order=\"50 | 60 | 75 | 100\" >50 | 60 | 75 | 100 <\/td><\/tr><tr style=\"height:px\" ><td data-cell-id=\"A3\" data-x=\"0\" data-y=\"3\" data-db-index=\"3\" class=\"bold color-59b5ce htLeft\" data-cell-type=\"text\" data-original-value=\"HEIGHT\" data-order=\"HEIGHT\" >HEIGHT <\/td><td data-cell-id=\"B3\" data-x=\"1\" data-y=\"3\" data-db-index=\"3\" class=\"htCenter\" data-cell-type=\"text\" data-cell-format-type=\"number\" data-original-value=\"400\" data-order=\"400\" >400 <\/td><\/tr><tr style=\"height:px\" ><td data-cell-id=\"A4\" data-x=\"0\" data-y=\"4\" data-db-index=\"4\" class=\"bold color-59b5ce htLeft\" data-cell-type=\"text\" data-original-value=\"LENGTH\" data-order=\"LENGTH\" >LENGTH <\/td><td data-cell-id=\"B4\" data-x=\"1\" data-y=\"4\" data-db-index=\"4\" class=\"htCenter\" data-cell-type=\"text\" data-cell-format-type=\"number\" data-original-value=\"600\" data-order=\"600\" >600 <\/td><\/tr><tr style=\"height:px\" ><td data-cell-id=\"A5\" data-x=\"0\" data-y=\"5\" data-db-index=\"5\" class=\"bold color-59b5ce htLeft\" data-cell-type=\"text\" data-original-value=\"DENSITY kg\/m3\" data-order=\"DENSITY kg\/m3\" >DENSITY kg\/m3 <\/td><td data-cell-id=\"B5\" data-x=\"1\" data-y=\"5\" data-db-index=\"5\" class=\"htCenter\" data-cell-type=\"text\" data-original-value=\"130 - 140\" data-order=\"130 - 140\" >130 - 140 <\/td><\/tr><tr style=\"height:px\" ><td data-cell-id=\"A6\" data-x=\"0\" data-y=\"6\" data-db-index=\"6\" class=\"bold color-59b5ce htLeft\" data-cell-type=\"text\" data-original-value=\"THERMAL CONDUCTIVITY VALUE\" data-order=\"THERMAL CONDUCTIVITY VALUE\" >THERMAL CONDUCTIVITY VALUE <\/td><td data-cell-id=\"B6\" data-x=\"1\" data-y=\"6\" data-db-index=\"6\" class=\"htCenter\" data-cell-type=\"text\" data-original-value=\"0,045 W\/mK\" data-order=\"0,045 W\/mK\" >0,045 W\/mK <\/td><\/tr><\/tbody><\/table><!-- \/#supsystic-table-102.supsystic-table --><\/div><!-- \/.supsystic-tables-wrap --><!-- Tables Generator by Supsystic --><!-- Version:1.10.47 --><!-- http:\/\/supsystic.com\/ --><a title=\"WordPress Tables Plugin\" style=\"display:none;\" href=\"https:\/\/supsystic.com\/plugins\/wordpress-data-table-plugin\/?utm_medium=love_link\" target=\"_blank\">WordPress Tables Plugin<\/a>[\/vc_column_text][vc_text_separator title=&#8221;Termok\u00fcp Introduction Video&#8221; i_icon_fontawesome=&#8221;fa fa-video-camera&#8221; i_color=&#8221;turquoise&#8221; i_size=&#8221;lg&#8221; color=&#8221;turquoise&#8221; add_icon=&#8221;true&#8221; css=&#8221;.vc_custom_1518767899344{margin-bottom: 5px !important;}&#8221;][vc_column_text css_animation=&#8221;none&#8221; el_class=&#8221;ortala&#8221;]<\/p>\n<div style=\"width: 562px;\" class=\"wp-video\"><video class=\"wp-video-shortcode\" id=\"video-3601-1\" width=\"562\" height=\"232\" poster=\"http:\/\/www.nuhyapi.com.tr\/wp-content\/uploads\/termoman.jpg\" preload=\"auto\" controls=\"controls\"><source type=\"video\/mp4\" src=\"http:\/\/www.nuhyapi.com.tr\/wp-content\/uploads\/termokup.mp4?_=1\" \/><a href=\"http:\/\/www.nuhyapi.com.tr\/wp-content\/uploads\/termokup.mp4\">http:\/\/www.nuhyapi.com.tr\/wp-content\/uploads\/termokup.mp4<\/a><\/video><\/div>\n<p>[\/vc_column_text][\/vc_column_inner][vc_column_inner width=&#8221;1\/2&#8243;][vc_single_image image=&#8221;3216&#8243; img_size=&#8221;full&#8221; alignment=&#8221;center&#8221; style=&#8221;vc_box_outline&#8221; border_color=&#8221;turquoise&#8221;][\/vc_column_inner][\/vc_row_inner][\/vc_column][\/vc_row][vc_row][vc_column width=&#8221;1\/2&#8243;]<div class=\"icon_box icon_position_left has_border\"><a class=\"genelkurul\" href=\"\/wp-content\/uploads\/ETA-BELGES\u0130.-30.05.2017-pdf.pdf\"  ><div class=\"icon_wrapper\"><div class=\"icon\"><i class=\"icon-book\"><\/i><\/div><\/div><div class=\"desc_wrapper\"><h4 class=\"title\">Thermal Insulation Plate - Termokup<\/h4><div class=\"desc\">ETA Document<\/div><\/div><\/a><\/div>\n<div class=\"icon_box icon_position_left has_border\"><a class=\"genelkurul\" href=\"\/wp-content\/uploads\/SDS-TERMOKUP-v1.0-EN-EU.pdf\"  ><div class=\"icon_wrapper\"><div class=\"icon\"><i class=\"icon-book\"><\/i><\/div><\/div><div class=\"desc_wrapper\"><h4 class=\"title\">Thermal Insulation Plate - Termokup<\/h4><div class=\"desc\">SDS<\/div><\/div><\/a><\/div>\n[\/vc_column][vc_column width=&#8221;1\/2&#8243;]<div class=\"icon_box icon_position_left has_border\"><a class=\"genelkurul\" href=\"\/wp-content\/uploads\/DOP-Label-and-DOP-TERMOK\u00dcP-rev-01.pdf\"  ><div class=\"icon_wrapper\"><div class=\"icon\"><i class=\"icon-book\"><\/i><\/div><\/div><div class=\"desc_wrapper\"><h4 class=\"title\">DOP Label and DOP - Termokup<\/h4><div class=\"desc\">DECLARATION OF PERFORMANCE<\/div><\/div><\/a><\/div>\n[\/vc_column][\/vc_row]<\/p>\n","protected":false},"excerpt":{"rendered":"<p>[vc_row][vc_column][vc_row_inner][vc_column_inner][vc_column_text]Application Areas Termokup is used for insulation of external and internal walls, insulation of concrete surfaces, insulation of garage ceilings, basement and inter-roof insulation.[\/vc_column_text][\/vc_column_inner][\/vc_row_inner][vc_row_inner css=&#8221;.vc_custom_1518177899567{background-image: url(http:\/\/www.nuhyapi.com.tr\/wp-content\/uploads\/9998.jpg?id=3438)<span class=\"excerpt-hellip\"> [\u2026]<\/span><\/p>\n","protected":false},"author":1,"featured_media":0,"parent":0,"menu_order":0,"comment_status":"closed","ping_status":"closed","template":"","meta":{"footnotes":""},"class_list":["post-3601","page","type-page","status-publish","hentry"],"_links":{"self":[{"href":"https:\/\/www.nuhyapi.com.tr\/en\/wp-json\/wp\/v2\/pages\/3601\/"}],"collection":[{"href":"https:\/\/www.nuhyapi.com.tr\/en\/wp-json\/wp\/v2\/pages\/"}],"about":[{"href":"https:\/\/www.nuhyapi.com.tr\/en\/wp-json\/wp\/v2\/types\/page\/"}],"author":[{"embeddable":true,"href":"https:\/\/www.nuhyapi.com.tr\/en\/wp-json\/wp\/v2\/users\/1\/"}],"replies":[{"embeddable":true,"href":"https:\/\/www.nuhyapi.com.tr\/en\/wp-json\/wp\/v2\/comments\/?post=3601"}],"version-history":[{"count":14,"href":"https:\/\/www.nuhyapi.com.tr\/en\/wp-json\/wp\/v2\/pages\/3601\/revisions\/"}],"predecessor-version":[{"id":25879,"href":"https:\/\/www.nuhyapi.com.tr\/en\/wp-json\/wp\/v2\/pages\/3601\/revisions\/25879\/"}],"wp:attachment":[{"href":"https:\/\/www.nuhyapi.com.tr\/en\/wp-json\/wp\/v2\/media\/?parent=3601"}],"curies":[{"name":"wp","href":"https:\/\/api.w.org\/{rel}","templated":true}]}}